{"id":2998,"date":"2019-10-30T14:25:36","date_gmt":"2019-10-30T18:25:36","guid":{"rendered":"https:\/\/kchc.thedev.ca\/home\/"},"modified":"2021-10-07T10:12:39","modified_gmt":"2021-10-07T14:12:39","slug":"home","status":"publish","type":"page","link":"https:\/\/kchc.thedev.ca\/fr\/","title":{"rendered":"Home"},"content":{"rendered":"\n<p>Les Centres de sant\u00e9 communautaire de Kingston (CSCK) sont un des 83 centres de sant\u00e9 communautaires de l\u2019Ontario. Nous nous investissons \u00e0 cr\u00e9er des communaut\u00e9s inclusives, r\u00e9silientes et saines.<\/p>\n\n\n\n<p>Aux CSCK, nous avons plusieurs sites et une vari\u00e9t\u00e9 de services et de programmes. Bien que notre travail soit diversifi\u00e9, tous nos programmes et notre personnel sont unis par nos valeurs et par notre mission : agir comme fournisseur dynamique de services int\u00e9gr\u00e9s qui donne aux gens des moyens d&rsquo;action et \u00e9tablis des communaut\u00e9s.<\/p>\n\n\n\n<div style=\"height:30px\" aria-hidden=\"true\" class=\"wp-block-spacer\"><\/div>\n\n\n\n<div class=\"wp-block-button\"><a class=\"wp-block-button__link has-white-color has-secondary-background-color has-text-color has-background\" href=\"https:\/\/kchc.thedev.ca\/wp-content\/uploads\/2019\/12\/2018-19-KCHC-Client-Survey-Summary-FINAL-v1.2-2019-04-18-3.pdf\" style=\"border-radius:10px\">Enqu\u00eate sur l\u2019exp\u00e9rience des clients 2018-2019*<\/a><\/div>\n\n\n\n<p class=\"has-small-font-size\">*Ce fichier est uniquement offert en anglais.<\/p>\n","protected":false},"excerpt":{"rendered":"<p>Les Centres de sant\u00e9 communautaire de Kingston (CSCK) sont un des 83 centres de sant\u00e9 communautaires de l\u2019Ontario. Nous nous investissons \u00e0 cr\u00e9er des communaut\u00e9s inclusives, r\u00e9silientes et saines. Aux CSCK, nous avons plusieurs sites et une vari\u00e9t\u00e9 de services et de programmes. Bien que notre travail soit diversifi\u00e9, tous nos programmes et notre personnel&hellip;<\/p>\n","protected":false},"author":1,"featured_media":0,"parent":0,"menu_order":11,"comment_status":"closed","ping_status":"closed","template":"","meta":{"_kad_blocks_custom_css":"","_kad_blocks_head_custom_js":"","_kad_blocks_body_custom_js":"","_kad_blocks_footer_custom_js":"","_monsterinsights_skip_tracking":false,"_monsterinsights_sitenote_active":false,"_monsterinsights_sitenote_note":"","_monsterinsights_sitenote_category":0,"footnotes":""},"class_list":["post-2998","page","type-page","status-publish","hentry"],"acf":[],"featured_image_src_large":false,"author_info":{"display_name":"cedit","author_link":"https:\/\/kchc.thedev.ca\/fr\/author\/cedit\/"},"comment_info":"","taxonomy_info":[],"_links":{"self":[{"href":"https:\/\/kchc.thedev.ca\/fr\/wp-json\/wp\/v2\/pages\/2998"}],"collection":[{"href":"https:\/\/kchc.thedev.ca\/fr\/wp-json\/wp\/v2\/pages"}],"about":[{"href":"https:\/\/kchc.thedev.ca\/fr\/wp-json\/wp\/v2\/types\/page"}],"author":[{"embeddable":true,"href":"https:\/\/kchc.thedev.ca\/fr\/wp-json\/wp\/v2\/users\/1"}],"replies":[{"embeddable":true,"href":"https:\/\/kchc.thedev.ca\/fr\/wp-json\/wp\/v2\/comments?post=2998"}],"version-history":[{"count":16,"href":"https:\/\/kchc.thedev.ca\/fr\/wp-json\/wp\/v2\/pages\/2998\/revisions"}],"predecessor-version":[{"id":3532,"href":"https:\/\/kchc.thedev.ca\/fr\/wp-json\/wp\/v2\/pages\/2998\/revisions\/3532"}],"wp:attachment":[{"href":"https:\/\/kchc.thedev.ca\/fr\/wp-json\/wp\/v2\/media?parent=2998"}],"curies":[{"name":"wp","href":"https:\/\/api.w.org\/{rel}","templated":true}]}}