{"id":2930,"date":"2021-04-16T14:13:58","date_gmt":"2021-04-16T18:13:58","guid":{"rendered":"https:\/\/kchc.thedev.ca\/?page_id=2930"},"modified":"2021-04-16T14:14:00","modified_gmt":"2021-04-16T18:14:00","slug":"calendrier-des-evenements","status":"publish","type":"page","link":"https:\/\/kchc.thedev.ca\/fr\/calendrier-des-evenements\/","title":{"rendered":"Calendrier des \u00e9v\u00e9nements"},"content":{"rendered":"\n<p><strong>16 mars 2020<\/strong> \u2013 En raison des annulations de programmes dues \u00e0 la pand\u00e9mie de COVID-19, le calendrier des \u00e9v\u00e9nements sera d\u00e9sactiv\u00e9 jusqu&rsquo;\u00e0 la reprise de la programmation. Veuillez consulter notre page d&rsquo;accueil et les m\u00e9dias sociaux pour les mises \u00e0 jour.<\/p>\n","protected":false},"excerpt":{"rendered":"<p>16 mars 2020 \u2013 En raison des annulations de programmes dues \u00e0 la pand\u00e9mie de COVID-19, le calendrier des \u00e9v\u00e9nements sera d\u00e9sactiv\u00e9 jusqu&rsquo;\u00e0 la reprise de la programmation. Veuillez consulter notre page d&rsquo;accueil et les m\u00e9dias sociaux pour les mises \u00e0 jour.<\/p>\n","protected":false},"author":1,"featured_media":2430,"parent":0,"menu_order":10,"comment_status":"closed","ping_status":"closed","template":"templates\/template-full-width.php","meta":{"_kad_blocks_custom_css":"","_kad_blocks_head_custom_js":"","_kad_blocks_body_custom_js":"","_kad_blocks_footer_custom_js":"","_monsterinsights_skip_tracking":false,"_monsterinsights_sitenote_active":false,"_monsterinsights_sitenote_note":"","_monsterinsights_sitenote_category":0,"footnotes":""},"class_list":["post-2930","page","type-page","status-publish","has-post-thumbnail","hentry"],"acf":[],"featured_image_src_large":["https:\/\/kchc.thedev.ca\/wp-content\/uploads\/2019\/12\/about-img-6-1024x400.jpg",1024,400,true],"author_info":{"display_name":"cedit","author_link":"https:\/\/kchc.thedev.ca\/fr\/author\/cedit\/"},"comment_info":"","taxonomy_info":[],"_links":{"self":[{"href":"https:\/\/kchc.thedev.ca\/fr\/wp-json\/wp\/v2\/pages\/2930"}],"collection":[{"href":"https:\/\/kchc.thedev.ca\/fr\/wp-json\/wp\/v2\/pages"}],"about":[{"href":"https:\/\/kchc.thedev.ca\/fr\/wp-json\/wp\/v2\/types\/page"}],"author":[{"embeddable":true,"href":"https:\/\/kchc.thedev.ca\/fr\/wp-json\/wp\/v2\/users\/1"}],"replies":[{"embeddable":true,"href":"https:\/\/kchc.thedev.ca\/fr\/wp-json\/wp\/v2\/comments?post=2930"}],"version-history":[{"count":1,"href":"https:\/\/kchc.thedev.ca\/fr\/wp-json\/wp\/v2\/pages\/2930\/revisions"}],"predecessor-version":[{"id":2931,"href":"https:\/\/kchc.thedev.ca\/fr\/wp-json\/wp\/v2\/pages\/2930\/revisions\/2931"}],"wp:featuredmedia":[{"embeddable":true,"href":"https:\/\/kchc.thedev.ca\/fr\/wp-json\/wp\/v2\/media\/2430"}],"wp:attachment":[{"href":"https:\/\/kchc.thedev.ca\/fr\/wp-json\/wp\/v2\/media?parent=2930"}],"curies":[{"name":"wp","href":"https:\/\/api.w.org\/{rel}","templated":true}]}}